{"id":2,"date":"2024-05-31T17:04:28","date_gmt":"2024-05-31T15:04:28","guid":{"rendered":"http:\/\/www.doposcuolaopenlab.it\/?page_id=2"},"modified":"2026-02-14T00:23:42","modified_gmt":"2026-02-13T23:23:42","slug":"doposcuolapianezza","status":"publish","type":"page","link":"https:\/\/www.doposcuolaopenlab.it\/","title":{"rendered":"DOPOSCUOLA OpenLAB"},"content":{"rendered":"\n<p class=\"has-text-align-center\">Dal 2015 offriamo un servizio di doposcuola a Pianezza, comprensivo di studio assistito, assitenza compiti delle vacanze, ripetizioni per il recupero delle insufficienze e laboratori. In questi anni abbiamo approfondito anche il lavoro con le certificazioni proponendo strumenti di supporto per studenti e genitori.<\/p>\n\n\n\n<div style=\"height:31px\" aria-hidden=\"true\" class=\"wp-block-spacer\"><\/div>\n\n\n\n<div class=\"wp-block-columns alignwide is-layout-flex wp-container-core-columns-is-layout-28f84493 wp-block-columns-is-layout-flex\">\n<div class=\"wp-block-column is-layout-flow wp-block-column-is-layout-flow\">\n<h2 class=\"wp-block-heading has-text-align-center has-large-font-size\">Scuole MEDIE<\/h2>\n\n\n\n<p class=\"has-text-align-center\">Il <strong>Doposcuola<\/strong> \u00e8 il servizio dedicato agli studenti delle scuole medie, permette di affrontare pi\u00f9 materie in modo completo e, sul <strong>lungo periodo<\/strong>, preparandoli alla mole di lavoro delle scuole Superiori, imparando a gestire il lavoro, senza finire i compiti la sera, ed avere il <strong>weekend libero<\/strong>.<\/p>\n<\/div>\n\n\n\n<div class=\"wp-block-column is-layout-flow wp-block-column-is-layout-flow\">\n<h2 class=\"wp-block-heading has-text-align-center has-large-font-size\">Scuole SUPERIORI<\/h2>\n\n\n\n<p class=\"has-text-align-center\">Per le scuole superiori il nostro servizio preferito \u00e8 lo <strong>Studio Assistito<\/strong> perch\u00e9 permette di affrontare una o pi\u00f9 materie in modo completo e sul lungo periodo (ad esempio Matematica Fisica Latino o Inglese). Sono molto richieste le <strong>Esercitazioni<\/strong>  su tema specifico per allenarsi prima delle verifiche. Offriamo anche le classiche <strong>Ripetizioni<\/strong> che secondo noi sono pi\u00f9 utili se utilizzate su un singolo argomento (ad esempio la nomenclatura tradizionale o le conditional sentences) e non su tutta la materia.<\/p>\n<\/div>\n\n\n\n<div class=\"wp-block-column is-layout-flow wp-block-column-is-layout-flow\">\n<h2 class=\"wp-block-heading has-text-align-center has-large-font-size\">Speciale VACANZE<\/h2>\n\n\n\n<p class=\"has-text-align-center\">In inverno e in estate ospitiamo i ragazzi delle medie e delle superiori, per svolgere BENE i compiti delle vacanze in un ambiente in cui chi deve concentrarsi sul recupero delle materie scolastiche possa farlo in tutta tranquillit\u00e0!<br>Openlab apre le attivit\u00e0 dell&#8217;aiuto compiti estivi anche per chi ha concluso la scuola primaria per iniziare con il piede giusto la prima media.<\/p>\n<\/div>\n<\/div>\n\n\n\n<div style=\"height:40px\" aria-hidden=\"true\" class=\"wp-block-spacer\"><\/div>\n\n\n\n<div class=\"wp-block-cb-carousel alignwide\" data-slick=\"{&quot;slidesToShow&quot;:3,&quot;slidesToScroll&quot;:1,&quot;speed&quot;:300,&quot;arrows&quot;:true,&quot;dots&quot;:true,&quot;autoplay&quot;:true,&quot;autoplaySpeed&quot;:3000,&quot;infinite&quot;:true,&quot;rtl&quot;:true,&quot;responsive&quot;:[{&quot;breakpoint&quot;:769,&quot;settings&quot;:{&quot;slidesToShow&quot;:1,&quot;slidesToScroll&quot;:1}}]}\" dir=\"rtl\">\n<div class=\"wp-block-cb-slide\">\n<figure class=\"wp-block-image size-full\"><img loading=\"lazy\" decoding=\"async\" width=\"2481\" height=\"1754\" src=\"https:\/\/www.doposcuolaopenlab.it\/wp-content\/uploads\/2025\/11\/OPENLAB-Doposcuola2025-MEDIE.png\" alt=\"\" class=\"wp-image-148\" srcset=\"https:\/\/www.doposcuolaopenlab.it\/wp-content\/uploads\/2025\/11\/OPENLAB-Doposcuola2025-MEDIE.png 2481w, https:\/\/www.doposcuolaopenlab.it\/wp-content\/uploads\/2025\/11\/OPENLAB-Doposcuola2025-MEDIE-300x212.png 300w, https:\/\/www.doposcuolaopenlab.it\/wp-content\/uploads\/2025\/11\/OPENLAB-Doposcuola2025-MEDIE-1024x724.png 1024w, https:\/\/www.doposcuolaopenlab.it\/wp-content\/uploads\/2025\/11\/OPENLAB-Doposcuola2025-MEDIE-768x543.png 768w, https:\/\/www.doposcuolaopenlab.it\/wp-content\/uploads\/2025\/11\/OPENLAB-Doposcuola2025-MEDIE-1536x1086.png 1536w, https:\/\/www.doposcuolaopenlab.it\/wp-content\/uploads\/2025\/11\/OPENLAB-Doposcuola2025-MEDIE-2048x1448.png 2048w\" sizes=\"auto, (max-width: 2481px) 100vw, 2481px\" \/><\/figure>\n<\/div>\n\n\n\n<div class=\"wp-block-cb-slide\">\n<figure class=\"wp-block-image size-large\"><img loading=\"lazy\" decoding=\"async\" width=\"1024\" height=\"724\" src=\"https:\/\/www.doposcuolaopenlab.it\/wp-content\/uploads\/2025\/11\/OPENLAB-StudioAssistito2025-SUPERIORI-1024x724.png\" alt=\"\" class=\"wp-image-149\" srcset=\"https:\/\/www.doposcuolaopenlab.it\/wp-content\/uploads\/2025\/11\/OPENLAB-StudioAssistito2025-SUPERIORI-1024x724.png 1024w, https:\/\/www.doposcuolaopenlab.it\/wp-content\/uploads\/2025\/11\/OPENLAB-StudioAssistito2025-SUPERIORI-300x212.png 300w, https:\/\/www.doposcuolaopenlab.it\/wp-content\/uploads\/2025\/11\/OPENLAB-StudioAssistito2025-SUPERIORI-768x543.png 768w, https:\/\/www.doposcuolaopenlab.it\/wp-content\/uploads\/2025\/11\/OPENLAB-StudioAssistito2025-SUPERIORI-1536x1086.png 1536w, https:\/\/www.doposcuolaopenlab.it\/wp-content\/uploads\/2025\/11\/OPENLAB-StudioAssistito2025-SUPERIORI-2048x1448.png 2048w\" sizes=\"auto, (max-width: 1024px) 100vw, 1024px\" \/><\/figure>\n<\/div>\n\n\n\n<div class=\"wp-block-cb-slide\">\n<figure class=\"wp-block-image size-large\"><img loading=\"lazy\" decoding=\"async\" width=\"1024\" height=\"724\" src=\"https:\/\/www.doposcuolaopenlab.it\/wp-content\/uploads\/2025\/11\/OPENLAB-Doposcuola2025-ESTATE-1-1024x724.png\" alt=\"\" class=\"wp-image-156\" srcset=\"https:\/\/www.doposcuolaopenlab.it\/wp-content\/uploads\/2025\/11\/OPENLAB-Doposcuola2025-ESTATE-1-1024x724.png 1024w, https:\/\/www.doposcuolaopenlab.it\/wp-content\/uploads\/2025\/11\/OPENLAB-Doposcuola2025-ESTATE-1-300x212.png 300w, https:\/\/www.doposcuolaopenlab.it\/wp-content\/uploads\/2025\/11\/OPENLAB-Doposcuola2025-ESTATE-1-768x543.png 768w, https:\/\/www.doposcuolaopenlab.it\/wp-content\/uploads\/2025\/11\/OPENLAB-Doposcuola2025-ESTATE-1.png 1522w\" sizes=\"auto, (max-width: 1024px) 100vw, 1024px\" \/><\/figure>\n<\/div>\n\n\n\n<div class=\"wp-block-cb-slide\">\n<figure class=\"wp-block-image size-large\"><img loading=\"lazy\" decoding=\"async\" width=\"1024\" height=\"724\" src=\"https:\/\/www.doposcuolaopenlab.it\/wp-content\/uploads\/2025\/11\/OPENLAB-Doposcuola2025-ELEMENTARI-1024x724.png\" alt=\"\" class=\"wp-image-151\" srcset=\"https:\/\/www.doposcuolaopenlab.it\/wp-content\/uploads\/2025\/11\/OPENLAB-Doposcuola2025-ELEMENTARI-1024x724.png 1024w, https:\/\/www.doposcuolaopenlab.it\/wp-content\/uploads\/2025\/11\/OPENLAB-Doposcuola2025-ELEMENTARI-300x212.png 300w, https:\/\/www.doposcuolaopenlab.it\/wp-content\/uploads\/2025\/11\/OPENLAB-Doposcuola2025-ELEMENTARI-768x543.png 768w, https:\/\/www.doposcuolaopenlab.it\/wp-content\/uploads\/2025\/11\/OPENLAB-Doposcuola2025-ELEMENTARI-1536x1086.png 1536w, https:\/\/www.doposcuolaopenlab.it\/wp-content\/uploads\/2025\/11\/OPENLAB-Doposcuola2025-ELEMENTARI-2048x1448.png 2048w\" sizes=\"auto, (max-width: 1024px) 100vw, 1024px\" \/><\/figure>\n<\/div>\n\n\n\n<div class=\"wp-block-cb-slide\">\n<figure class=\"wp-block-image size-large\"><img loading=\"lazy\" decoding=\"async\" width=\"1024\" height=\"724\" src=\"https:\/\/www.doposcuolaopenlab.it\/wp-content\/uploads\/2025\/11\/OPENLAB-Doposcuola2025-10-ANNI-1024x724.png\" alt=\"\" class=\"wp-image-150\" srcset=\"https:\/\/www.doposcuolaopenlab.it\/wp-content\/uploads\/2025\/11\/OPENLAB-Doposcuola2025-10-ANNI-1024x724.png 1024w, https:\/\/www.doposcuolaopenlab.it\/wp-content\/uploads\/2025\/11\/OPENLAB-Doposcuola2025-10-ANNI-300x212.png 300w, https:\/\/www.doposcuolaopenlab.it\/wp-content\/uploads\/2025\/11\/OPENLAB-Doposcuola2025-10-ANNI-768x543.png 768w, https:\/\/www.doposcuolaopenlab.it\/wp-content\/uploads\/2025\/11\/OPENLAB-Doposcuola2025-10-ANNI-1536x1086.png 1536w, https:\/\/www.doposcuolaopenlab.it\/wp-content\/uploads\/2025\/11\/OPENLAB-Doposcuola2025-10-ANNI-2048x1448.png 2048w\" sizes=\"auto, (max-width: 1024px) 100vw, 1024px\" \/><\/figure>\n<\/div>\n\n\n\n<div class=\"wp-block-cb-slide\">\n<figure class=\"wp-block-image size-full\"><img loading=\"lazy\" decoding=\"async\" width=\"1240\" height=\"874\" src=\"http:\/\/www.doposcuolaopenlab.it\/wp-content\/uploads\/2024\/06\/doposcuolaNATALE.png\" alt=\"doposcuola vacanze natale\" class=\"wp-image-82\" srcset=\"https:\/\/www.doposcuolaopenlab.it\/wp-content\/uploads\/2024\/06\/doposcuolaNATALE.png 1240w, https:\/\/www.doposcuolaopenlab.it\/wp-content\/uploads\/2024\/06\/doposcuolaNATALE-300x211.png 300w, https:\/\/www.doposcuolaopenlab.it\/wp-content\/uploads\/2024\/06\/doposcuolaNATALE-1024x722.png 1024w, https:\/\/www.doposcuolaopenlab.it\/wp-content\/uploads\/2024\/06\/doposcuolaNATALE-768x541.png 768w\" sizes=\"auto, (max-width: 1240px) 100vw, 1240px\" \/><\/figure>\n<\/div>\n\n\n\n<div class=\"wp-block-cb-slide\">\n<figure class=\"wp-block-image size-full\"><img loading=\"lazy\" decoding=\"async\" width=\"1240\" height=\"874\" src=\"http:\/\/www.doposcuolaopenlab.it\/wp-content\/uploads\/2024\/06\/doposcuolaOPENLAB2024.png\" alt=\"\" class=\"wp-image-27\" srcset=\"https:\/\/www.doposcuolaopenlab.it\/wp-content\/uploads\/2024\/06\/doposcuolaOPENLAB2024.png 1240w, https:\/\/www.doposcuolaopenlab.it\/wp-content\/uploads\/2024\/06\/doposcuolaOPENLAB2024-300x211.png 300w, https:\/\/www.doposcuolaopenlab.it\/wp-content\/uploads\/2024\/06\/doposcuolaOPENLAB2024-1024x722.png 1024w, https:\/\/www.doposcuolaopenlab.it\/wp-content\/uploads\/2024\/06\/doposcuolaOPENLAB2024-768x541.png 768w\" sizes=\"auto, (max-width: 1240px) 100vw, 1240px\" \/><\/figure>\n<\/div>\n<\/div>\n\n\n\n<div style=\"height:41px\" aria-hidden=\"true\" class=\"wp-block-spacer\"><\/div>\n\n\n\n<h2 class=\"wp-block-heading has-text-align-center has-x-large-font-size\"><strong>COSA FACCIAMO<\/strong><\/h2>\n\n\n\n<div style=\"height:15px\" aria-hidden=\"true\" class=\"wp-block-spacer\"><\/div>\n\n\n\n<div class=\"wp-block-columns alignwide is-layout-flex wp-container-core-columns-is-layout-28f84493 wp-block-columns-is-layout-flex\">\n<div class=\"wp-block-column is-layout-flow wp-block-column-is-layout-flow\">\n<h3 class=\"wp-block-heading has-text-align-center has-large-font-size\">Doposcuola<\/h3>\n\n\n\n<p class=\"has-text-align-center\">Dal luned\u00ec al venerd\u00ec alle 14 aspettiamo i ragazzi di fronte alla scuola media di Pianezza, il nostro pedibus li accompagna in sede alle ore 14.20 circa per la pausa pranzo. Dalle 14.50 fino alle 18 avranno pi\u00f9 di <strong>3 ORE<\/strong> per studiare e fare i compiti! Sono i benvenuti anche i ragazzi di altre scuole medie, con la sola differenza che dovranno essere accompagnati.<\/p>\n<\/div>\n\n\n\n<div class=\"wp-block-column is-layout-flow wp-block-column-is-layout-flow\">\n<h3 class=\"wp-block-heading has-text-align-center is-style-default has-large-font-size\">Studio Assistito<\/h3>\n\n\n\n<p class=\"has-text-align-center\">Il nostro studio assistito \u00e8 dedicato ai ragazzi della scuola superiore ed \u00e8 attivo per tutti gli indirizzi di studio. Lavorare sull&#8217;<strong>organizzazione<\/strong> dei compiti in modo continuativo aiuta ad affrontare al meglio anche materie completamente nuove. Per questo motivo abbiamo pensato ad un prezzo fisso mensile per stimolare una <strong>presenza costante<\/strong>. <\/p>\n<\/div>\n\n\n\n<div class=\"wp-block-column is-layout-flow wp-block-column-is-layout-flow\">\n<h3 class=\"wp-block-heading has-text-align-center is-style-default has-large-font-size\">ESERCITAzioni<\/h3>\n\n\n\n<p class=\"has-text-align-center\">Per esercitarsi sui nuovi argomenti incontrati in classe e per prepararsi al meglio per le verifiche. Affronteremo <strong>esercizi<\/strong> ulteriori ai compiti, <strong>specifici<\/strong> per l&#8217;argomento nesessario ai singoli studenti per impratichirsi ulteriormente. Il servizio \u00e8 attivo dalle ore 17.30 in poi.<\/p>\n<\/div>\n\n\n\n<div class=\"wp-block-column is-layout-flow wp-block-column-is-layout-flow\">\n<h3 class=\"wp-block-heading has-text-align-center is-style-default has-large-font-size\">Ripetizioni<\/h3>\n\n\n\n<p class=\"has-text-align-center\">Per approfondire lo studio delle materie \u00e8 possibile ricorrere al nostro servizio di ripetizioni, dedicato principalmente agli studenti delle scuole superiori. Con i tutor c&#8217;\u00e8 la possibilit\u00e0 di stilare un programma di studio mirato dedicato ai singoli argomenti, su prenotazione e in tempo per poter organizzare il lavoro! Il servizio \u00e8 attivo dalle ore 17.30 in poi.<\/p>\n<\/div>\n<\/div>\n\n\n\n<div style=\"height:31px\" aria-hidden=\"true\" class=\"wp-block-spacer\"><\/div>\n\n\n\n<div class=\"wp-block-columns alignwide is-layout-flex wp-container-core-columns-is-layout-28f84493 wp-block-columns-is-layout-flex\">\n<div class=\"wp-block-column is-layout-flow wp-block-column-is-layout-flow\">\n<h3 class=\"wp-block-heading has-text-align-center has-large-font-size\">Laboratorio di Inglese<\/h3>\n\n\n\n<p class=\"has-text-align-center\">Il laboratorio di inglese dura tutto l&#8217;anno ed \u00e9 dedicato a chi vuole approfondire il listening in lingua, per poter poi affrontare in un futuro la conversazione in modo pi\u00f9 semplice.<br>Durante le lezioni saranno proposti esercizi di ascolto, studio e correzione della pronuncia con supporti multimediali, traduzione di testi e musica.<br><\/p>\n<\/div>\n\n\n\n<div class=\"wp-block-column is-layout-flow wp-block-column-is-layout-flow\">\n<h3 class=\"wp-block-heading has-text-align-center has-large-font-size\">Laboratorio di Tecnologia<\/h3>\n\n\n\n<p class=\"has-text-align-center\">Il Laboratorio Digitale si sviluppa durante tutto l&#8217;anno con due appuntamenti al mese dedicati a ragazzi e ragazze che vogliono sperimentare la Creativit\u00e0 Digitale. Verranno proposte varie attivit\u00e0 come modellazione e stampa 3D, grafica digitale, creazione di magliette, taglio laser, prime applicazioni di Arduino, creazione progetti e tanto altro ancora.<\/p>\n<\/div>\n<\/div>\n\n\n\n<div style=\"height:31px\" aria-hidden=\"true\" class=\"wp-block-spacer\"><\/div>\n\n\n\n<div class=\"wp-block-columns alignwide is-layout-flex wp-container-core-columns-is-layout-28f84493 wp-block-columns-is-layout-flex\">\n<div class=\"wp-block-column is-layout-flow wp-block-column-is-layout-flow\">\n<h3 class=\"wp-block-heading has-text-align-center has-large-font-size\">Aiuto DSA e BES<\/h3>\n\n\n\n<p class=\"has-text-align-center\">Anche in caso di certificazioni \u00e8 importante affrontare gli esercizi in modo attivo e senza timore. Crediamo che alcuni strumenti integrativi e gli approcci alternativi possano aiutare a comprendere meglio concetti o processi in cui si hanno pi\u00f9 problematiche, senza mai aver paura di affrontare le proprie difficolt\u00e0.<\/p>\n<\/div>\n\n\n\n<div class=\"wp-block-column is-layout-flow wp-block-column-is-layout-flow\">\n<h3 class=\"wp-block-heading has-text-align-center has-large-font-size\">Recupero insufficienze<\/h3>\n\n\n\n<p class=\"has-text-align-center\">Organizzare il recupero delle insufficienze dipende da quale servizio pu\u00f2 essere utile in un determinato momento. Si pu\u00f2 scegliere di affrontare pi\u00f9 materie insufficienti durante il servizio di studio assistito tutto l&#8217;anno, mentre per i singoli argomenti \u00e8 preferibile richiedere le ripetizioni. <\/p>\n<\/div>\n\n\n\n<div class=\"wp-block-column is-layout-flow wp-block-column-is-layout-flow\">\n<h3 class=\"wp-block-heading has-text-align-center has-large-font-size\">Il Podcast per i Genitori<\/h3>\n\n\n\n<p class=\"has-text-align-center\">Abbiamo deciso di includere un podcast sulla nostra pagina facebook, dedicato ai genitori, ai nonni, agli zii e zie. Parleremo di tanti temi legati ai compiti, alla scuola e all&#8217;indipendenza dei ragazzi in ambito scolastico! Risponderemo alle vostre domande e intervisteremo esperti!<\/p>\n<\/div>\n\n\n\n<div class=\"wp-block-column is-layout-flow wp-block-column-is-layout-flow\">\n<h3 class=\"wp-block-heading has-text-align-center has-large-font-size\">Preparazione esami<\/h3>\n\n\n\n<p class=\"has-text-align-center\">   Durante le finestre di pausa tra i giorni di scuola e l&#8217;inizio degli esami proponiamo sempre date dedicate alla preparazione dell&#8217;esame di terza media e dell&#8217;esame di stato di quinta superiore. I nostri servizi includono esercizi di prova degli scritti e un aiuto sull&#8217;organizzazione dei colloqui orali. <\/p>\n<\/div>\n<\/div>\n\n\n\n<div style=\"height:38px\" aria-hidden=\"true\" class=\"wp-block-spacer\"><\/div>\n\n\n\n<h2 class=\"wp-block-heading has-text-align-center has-x-large-font-size\"><strong>DOVE SIAMO<\/strong><\/h2>\n\n\n\n<div class=\"wp-block-columns alignwide is-layout-flex wp-container-core-columns-is-layout-28f84493 wp-block-columns-is-layout-flex\">\n<div class=\"wp-block-column is-layout-flow wp-block-column-is-layout-flow\">\t\t<div id=\"wpmapblock_9d531667\" data-settings='{&quot;map_marker&quot;:[{&quot;id&quot;:&quot;0&quot;,&quot;lat&quot;:&quot;45.094439810885&quot;,&quot;lng&quot;:&quot;7.5581163167954&quot;,&quot;title&quot;:&quot;Openlab&quot;,&quot;content&quot;:&quot;Openlab Doposcuola Pianezza&quot;,&quot;iconType&quot;:&quot;default&quot;,&quot;customIconUrl&quot;:&quot;&quot;,&quot;customIconWidth&quot;:&quot;25&quot;,&quot;customIconHeight&quot;:&quot;40&quot;}],&quot;map_zoom&quot;:&quot;15&quot;,&quot;scroll_wheel_zoom&quot;:&quot;1&quot;,&quot;map_type&quot;:&quot;GM&quot;,&quot;center_index&quot;:0}' class=\"wpmapblockrender\" style=\"\n\t\t\twidth: 100%;\n\t\t\theight: 500px;\n\t\t\"><\/div>\n        <\/div>\n<\/div>\n\n\n\n<div style=\"height:38px\" aria-hidden=\"true\" class=\"wp-block-spacer\"><\/div>\n\n\n\n<h2 class=\"wp-block-heading has-text-align-center has-x-large-font-size\"><strong>COME CONTATTARCI<\/strong><\/h2>\n\n\n\n<div style=\"height:15px\" aria-hidden=\"true\" class=\"wp-block-spacer\"><\/div>\n\n\n\n<div class=\"wp-block-columns alignwide is-layout-flex wp-container-core-columns-is-layout-28f84493 wp-block-columns-is-layout-flex\">\n<div class=\"wp-block-column is-layout-flow wp-block-column-is-layout-flow\">\n<h5 class=\"wp-block-heading has-text-align-center\">Telefono e whatsapp<\/h5>\n\n\n\n<p class=\"has-text-align-center has-medium-font-size\">3427240967<\/p>\n<\/div>\n\n\n\n<div class=\"wp-block-column is-layout-flow wp-block-column-is-layout-flow\">\n<h5 class=\"wp-block-heading has-text-align-center\">Doposcuola openlab<\/h5>\n\n\n\n<p class=\"has-text-align-center\">Via Collegno 16\/B Pianezza (TO)<\/p>\n<\/div>\n\n\n\n<div class=\"wp-block-column is-layout-flow wp-block-column-is-layout-flow\">\n<h5 class=\"wp-block-heading has-text-align-center\">Social<\/h5>\n\n\n\n<p class=\"has-text-align-center\"><a href=\"https:\/\/www.facebook.com\/openlabpianezza\">FACEBOOK<\/a><\/p>\n<\/div>\n<\/div>\n\n\n\n<h5 class=\"wp-block-heading has-text-align-center\">Materiale didattico openlab<\/h5>\n\n\n\n<p class=\"has-text-align-center\"><a href=\"https:\/\/www.doposcuolaopenlab.it\/index.php\/materiale-didattico\/\">Materiale didattico<\/a><\/p>\n","protected":false},"excerpt":{"rendered":"<p>Dal 2015 offriamo un servizio di doposcuola a Pianezza, comprensivo di studio assistito, assitenza compiti delle vacanze, ripetizioni per il recupero delle insufficienze e laboratori. In questi anni abbiamo approfondito anche il lavoro con le certificazioni proponendo strumenti di supporto per studenti e genitori. Scuole MEDIE Il Doposcuola \u00e8 il servizio dedicato agli studenti delle [&hellip;]<\/p>\n","protected":false},"author":1,"featured_media":110,"parent":0,"menu_order":0,"comment_status":"closed","ping_status":"closed","template":"","meta":{"footnotes":""},"class_list":["post-2","page","type-page","status-publish","has-post-thumbnail","hentry"],"_links":{"self":[{"href":"https:\/\/www.doposcuolaopenlab.it\/index.php\/wp-json\/wp\/v2\/pages\/2","targetHints":{"allow":["GET"]}}],"collection":[{"href":"https:\/\/www.doposcuolaopenlab.it\/index.php\/wp-json\/wp\/v2\/pages"}],"about":[{"href":"https:\/\/www.doposcuolaopenlab.it\/index.php\/wp-json\/wp\/v2\/types\/page"}],"author":[{"embeddable":true,"href":"https:\/\/www.doposcuolaopenlab.it\/index.php\/wp-json\/wp\/v2\/users\/1"}],"replies":[{"embeddable":true,"href":"https:\/\/www.doposcuolaopenlab.it\/index.php\/wp-json\/wp\/v2\/comments?post=2"}],"version-history":[{"count":80,"href":"https:\/\/www.doposcuolaopenlab.it\/index.php\/wp-json\/wp\/v2\/pages\/2\/revisions"}],"predecessor-version":[{"id":167,"href":"https:\/\/www.doposcuolaopenlab.it\/index.php\/wp-json\/wp\/v2\/pages\/2\/revisions\/167"}],"wp:featuredmedia":[{"embeddable":true,"href":"https:\/\/www.doposcuolaopenlab.it\/index.php\/wp-json\/wp\/v2\/media\/110"}],"wp:attachment":[{"href":"https:\/\/www.doposcuolaopenlab.it\/index.php\/wp-json\/wp\/v2\/media?parent=2"}],"curies":[{"name":"wp","href":"https:\/\/api.w.org\/{rel}","templated":true}]}}